{"id":107,"date":"2024-02-01T12:05:23","date_gmt":"2024-02-01T12:05:23","guid":{"rendered":"https:\/\/tienda.madredisidente.com\/index.php\/producto\/camiseta-mama-not-drama\/"},"modified":"2024-11-10T22:16:38","modified_gmt":"2024-11-10T22:16:38","slug":"camiseta-mama-not-drama","status":"publish","type":"product","link":"https:\/\/tienda.madredisidente.com\/index.php\/producto\/camiseta-mama-not-drama\/","title":{"rendered":"Camiseta &#8220;Mam\u00e1 not drama&#8221;"},"content":{"rendered":"<p>Una llorada y a seguir el ritmo madre; pero con humor, porfavah.<br \/>\nSer una MadreDisidente, con flow y perfectamente imperfecta es lo nuestro.<\/p>\n<p>Esta podr\u00eda ser la camiseta m\u00e1s suave y c\u00f3moda que puedas encontrar. Combina su ajuste relajado y su tacto sedoso con unos vaqueros para crear el look casual perfecto, o p\u00f3ntela con una chaqueta blazer y pantalones de vestir para ir a trabajar.<\/p>\n<p>\u2022 100% algod\u00f3n peinado e hilado en anillos<br \/>\n\u2022 El tono Athletic Heather es 90% algod\u00f3n y 10% poli\u00e9ster<br \/>\n\u2022 Otros colores Heather: 52% algod\u00f3n \/ 48% poli\u00e9ster<br \/>\n\u2022 Peso del tejido: 4.2 oz\/y\u00b2 (142 g\/m\u00b2)<br \/>\n\u2022 Tela prelavada<br \/>\n\u2022 Cuello redondo<br \/>\n\u2022 Ajuste holgado<br \/>\n\u2022 Costuras laterales<br \/>\n\u2022 Producto base procedente de Nicaragua, Honduras o EEUU<\/p>\n<p>Regalasela a alguien que necesite una sonrisa.<\/p>\n","protected":false},"excerpt":{"rendered":"<p>Una llorada y a seguir el ritmo madre; pero con humor, porfavah. Ser una MadreDisidente, con flow y perfectamente imperfecta es lo nuestro. Esta podr\u00eda ser la camiseta m\u00e1s suave y c\u00f3moda que puedas encontrar. Combina su ajuste relajado y su tacto sedoso con unos vaqueros para crear el look casual perfecto, o p\u00f3ntela con [&hellip;]<\/p>\n","protected":false},"featured_media":115,"comment_status":"open","ping_status":"closed","template":"","meta":{"_acf_changed":false},"product_brand":[],"product_cat":[23],"product_tag":[],"class_list":{"0":"post-107","1":"product","2":"type-product","3":"status-publish","4":"has-post-thumbnail","6":"product_cat-ropa","8":"first","9":"instock","10":"taxable","11":"shipping-taxable","12":"purchasable","13":"product-type-variable"},"acf":[],"jetpack-related-posts":[],"jetpack_sharing_enabled":true,"_links":{"self":[{"href":"https:\/\/tienda.madredisidente.com\/index.php\/wp-json\/wp\/v2\/product\/107","targetHints":{"allow":["GET"]}}],"collection":[{"href":"https:\/\/tienda.madredisidente.com\/index.php\/wp-json\/wp\/v2\/product"}],"about":[{"href":"https:\/\/tienda.madredisidente.com\/index.php\/wp-json\/wp\/v2\/types\/product"}],"replies":[{"embeddable":true,"href":"https:\/\/tienda.madredisidente.com\/index.php\/wp-json\/wp\/v2\/comments?post=107"}],"wp:featuredmedia":[{"embeddable":true,"href":"https:\/\/tienda.madredisidente.com\/index.php\/wp-json\/wp\/v2\/media\/115"}],"wp:attachment":[{"href":"https:\/\/tienda.madredisidente.com\/index.php\/wp-json\/wp\/v2\/media?parent=107"}],"wp:term":[{"taxonomy":"product_brand","embeddable":true,"href":"https:\/\/tienda.madredisidente.com\/index.php\/wp-json\/wp\/v2\/product_brand?post=107"},{"taxonomy":"product_cat","embeddable":true,"href":"https:\/\/tienda.madredisidente.com\/index.php\/wp-json\/wp\/v2\/product_cat?post=107"},{"taxonomy":"product_tag","embeddable":true,"href":"https:\/\/tienda.madredisidente.com\/index.php\/wp-json\/wp\/v2\/product_tag?post=107"}],"curies":[{"name":"wp","href":"https:\/\/api.w.org\/{rel}","templated":true}]}}