{"id":116,"date":"2024-02-01T12:12:37","date_gmt":"2024-02-01T12:12:37","guid":{"rendered":"https:\/\/tienda.madredisidente.com\/index.php\/producto\/funda-transparente-para-iphone\/"},"modified":"2024-07-10T00:21:36","modified_gmt":"2024-07-10T00:21:36","slug":"funda-transparente-para-iphone","status":"publish","type":"product","link":"https:\/\/tienda.madredisidente.com\/index.php\/producto\/funda-transparente-para-iphone\/","title":{"rendered":"Funda transparente para iPhone\u00ae"},"content":{"rendered":"<p>Esta elegante carcasa para iPhone\u00ae protege al m\u00f3vil de los ara\u00f1azos, el polvo, la grasa y la suciedad. La parte trasera es r\u00edgida mientras que los laterales son flexibles lo que facilita su colocaci\u00f3n y extracci\u00f3n. Cuenta con orificios precisos para los puertos del m\u00f3vil. <\/p>\n<p>\u2022 Parte trasera r\u00edgida de policarbonato<br \/>\n\u2022 Laterales flexibles transparentes de poliuretano<br \/>\n\u2022 Borde elevado de 0,5 mm<br \/>\n\u2022 Compatible con carga inal\u00e1mbrica<br \/>\n\u2022 La funda SE es apta para el modelo iPhone\u00ae SE 2020<\/p>\n","protected":false},"excerpt":{"rendered":"<p>Esta elegante carcasa para iPhone\u00ae protege al m\u00f3vil de los ara\u00f1azos, el polvo, la grasa y la suciedad. La parte trasera es r\u00edgida mientras que los laterales son flexibles lo que facilita su colocaci\u00f3n y extracci\u00f3n. Cuenta con orificios precisos para los puertos del m\u00f3vil. \u2022 Parte trasera r\u00edgida de policarbonato \u2022 Laterales flexibles transparentes [&hellip;]<\/p>\n","protected":false},"featured_media":140,"comment_status":"open","ping_status":"closed","template":"","meta":{"_acf_changed":false},"product_brand":[],"product_cat":[23],"product_tag":[],"class_list":{"0":"post-116","1":"product","2":"type-product","3":"status-publish","4":"has-post-thumbnail","6":"product_cat-ropa","8":"first","9":"instock","10":"taxable","11":"shipping-taxable","12":"purchasable","13":"product-type-variable"},"acf":[],"jetpack-related-posts":[],"jetpack_sharing_enabled":true,"_links":{"self":[{"href":"https:\/\/tienda.madredisidente.com\/index.php\/wp-json\/wp\/v2\/product\/116","targetHints":{"allow":["GET"]}}],"collection":[{"href":"https:\/\/tienda.madredisidente.com\/index.php\/wp-json\/wp\/v2\/product"}],"about":[{"href":"https:\/\/tienda.madredisidente.com\/index.php\/wp-json\/wp\/v2\/types\/product"}],"replies":[{"embeddable":true,"href":"https:\/\/tienda.madredisidente.com\/index.php\/wp-json\/wp\/v2\/comments?post=116"}],"wp:featuredmedia":[{"embeddable":true,"href":"https:\/\/tienda.madredisidente.com\/index.php\/wp-json\/wp\/v2\/media\/140"}],"wp:attachment":[{"href":"https:\/\/tienda.madredisidente.com\/index.php\/wp-json\/wp\/v2\/media?parent=116"}],"wp:term":[{"taxonomy":"product_brand","embeddable":true,"href":"https:\/\/tienda.madredisidente.com\/index.php\/wp-json\/wp\/v2\/product_brand?post=116"},{"taxonomy":"product_cat","embeddable":true,"href":"https:\/\/tienda.madredisidente.com\/index.php\/wp-json\/wp\/v2\/product_cat?post=116"},{"taxonomy":"product_tag","embeddable":true,"href":"https:\/\/tienda.madredisidente.com\/index.php\/wp-json\/wp\/v2\/product_tag?post=116"}],"curies":[{"name":"wp","href":"https:\/\/api.w.org\/{rel}","templated":true}]}}