{"id":261,"date":"2024-08-08T15:29:18","date_gmt":"2024-08-08T15:29:18","guid":{"rendered":"https:\/\/tienda.madredisidente.com\/?post_type=product&#038;p=261"},"modified":"2024-12-20T08:23:52","modified_gmt":"2024-12-20T08:23:52","slug":"masterclass-un-leon-llamado-ansiedad","status":"publish","type":"product","link":"https:\/\/tienda.madredisidente.com\/index.php\/producto\/masterclass-un-leon-llamado-ansiedad\/","title":{"rendered":"Masterclass un Le\u00f3n llamado Ansiedad"},"content":{"rendered":"<p>Taller en el que pervierto la mayor\u00eda de conceptos asociados a la ansiedad,\u00a0 vamos los habituales que hemos escuchado toda la vida.<\/p>\n<p><strong>Importante<\/strong>:<\/p>\n<ul>\n<li>Si eres una madre del DESMADRE , inicia sesi\u00f3n antes de finalizar la compra para que se aplique tu descuento.<\/li>\n<li>Si eres una madre de la Membres\u00eda Madre Disidente, no compres la masterclass aqu\u00ed, rellena el formulario que os he pasado.<\/li>\n<\/ul>\n","protected":false},"excerpt":{"rendered":"<p>Masterclass en directo, pr\u00e1ctico. No es una masterclass, es una experiencia.<\/p>\n<p>Recibir\u00e1s material de apoyo, y podr\u00e1s rellenar un formulario donde me compartir\u00e1s tu experiencia con esta amiga llamada ansiedad, y qu\u00e9 necesitas.<\/p>\n<p>Taller en el que pervierto la mayor\u00eda de conceptos asociados a la ansiedad,\u00a0 vamos los habituales que hemos escuchado toda la vida.<\/p>\n<p><strong>Importante<\/strong>:<\/p>\n<ul>\n<li>Si eres una madre del DESMADRE , inicia sesi\u00f3n antes de finalizar la compra para que se aplique tu descuento.<\/li>\n<li>Si eres una madre de la Membres\u00eda Madre Disidente, no compres la masterclass aqu\u00ed, rellena el formulario que os he pasado.<\/li>\n<\/ul>\n<p>&nbsp;<\/p>\n","protected":false},"featured_media":262,"comment_status":"open","ping_status":"closed","template":"","meta":{"_acf_changed":false},"product_brand":[],"product_cat":[16],"product_tag":[],"class_list":{"0":"post-261","1":"product","2":"type-product","3":"status-publish","4":"has-post-thumbnail","6":"product_cat-cursos","8":"first","9":"outofstock","10":"virtual","11":"purchasable","12":"product-type-simple"},"acf":[],"jetpack-related-posts":[],"jetpack_sharing_enabled":true,"_links":{"self":[{"href":"https:\/\/tienda.madredisidente.com\/index.php\/wp-json\/wp\/v2\/product\/261","targetHints":{"allow":["GET"]}}],"collection":[{"href":"https:\/\/tienda.madredisidente.com\/index.php\/wp-json\/wp\/v2\/product"}],"about":[{"href":"https:\/\/tienda.madredisidente.com\/index.php\/wp-json\/wp\/v2\/types\/product"}],"replies":[{"embeddable":true,"href":"https:\/\/tienda.madredisidente.com\/index.php\/wp-json\/wp\/v2\/comments?post=261"}],"wp:featuredmedia":[{"embeddable":true,"href":"https:\/\/tienda.madredisidente.com\/index.php\/wp-json\/wp\/v2\/media\/262"}],"wp:attachment":[{"href":"https:\/\/tienda.madredisidente.com\/index.php\/wp-json\/wp\/v2\/media?parent=261"}],"wp:term":[{"taxonomy":"product_brand","embeddable":true,"href":"https:\/\/tienda.madredisidente.com\/index.php\/wp-json\/wp\/v2\/product_brand?post=261"},{"taxonomy":"product_cat","embeddable":true,"href":"https:\/\/tienda.madredisidente.com\/index.php\/wp-json\/wp\/v2\/product_cat?post=261"},{"taxonomy":"product_tag","embeddable":true,"href":"https:\/\/tienda.madredisidente.com\/index.php\/wp-json\/wp\/v2\/product_tag?post=261"}],"curies":[{"name":"wp","href":"https:\/\/api.w.org\/{rel}","templated":true}]}}