{"id":315,"date":"2024-12-28T14:44:23","date_gmt":"2024-12-28T14:44:23","guid":{"rendered":"https:\/\/tienda.madredisidente.com\/?post_type=product&#038;p=315"},"modified":"2025-01-11T11:28:28","modified_gmt":"2025-01-11T11:28:28","slug":"exorciza-a-tu-nina-interior","status":"publish","type":"product","link":"https:\/\/tienda.madredisidente.com\/index.php\/producto\/exorciza-a-tu-nina-interior\/","title":{"rendered":"Exorciza a tu ni\u00f1a interior"},"content":{"rendered":"<p><strong>Trabajar la relaci\u00f3n con tus padres y tu ni\u00f1a interior es fundamental para ser la madre que deseas y liberarte de las heridas de la infancia que te impiden ser una mujer en may\u00fasculas,<\/strong>\u00a0y poder conectar con tu hijo generando un apego seguro.<\/p>\n<p>Tres lecciones de Desmadre y MadreDisidente convertidas en una experiencia que te permitir\u00e1 reconectar, sanar y abrazar a esa ni\u00f1a que llevas dentro y que necesita ser exorcizada,<\/p>\n<p>te cuento de qu\u00e9 van las lecciones:<\/p>\n<ul class=\"wp-block-list\">\n<li><b>Leccion 1: No eres la<\/b>\u00a0<strong>hija modelo<\/strong>. Una lecci\u00f3n para trabajar la compasi\u00f3n hacia tus padres. Hablemos de esas cosas feas que haces o has hecho como hijas, y perdona a tus padres para dejar de tratar de ser la madre perfecta que reciba las alabanzas de tus padres. Ya no eres una ni\u00f1a.<\/li>\n<li><strong>Lecci\u00f3n 2\u00a0 :<\/strong> <strong>Maravillosas malditas Expectativas: <\/strong>hablemos de traumas y c\u00f3mo liberar el rencor, el dolor de nuestra infancia para no volcarlo m\u00e1s en nuestros hijos. Trabajemos la expectativas.<\/li>\n<li><strong>Leccion 3:\u00a0 Sana : U<\/strong>na lecci\u00f3n para sanar la relaci\u00f3n con la madre. V\u00e1lida para hijas y v\u00e1lida para no entorpecer la relaci\u00f3n actual que tienes con tus hijos, porque dejar\u00e1s de evocar esa herida.\u00a0<strong>Detectar\u00e1s aquellas cosas que te hacen entrar en bucle de gritos y ansiedad.<\/strong><\/li>\n<\/ul>\n","protected":false},"excerpt":{"rendered":"<p>Trabajar la relaci\u00f3n con tus padres y tu ni\u00f1a interior es fundamental para ser la madre que deseas y liberarte de las heridas de la infancia que te impiden ser una mujer en may\u00fasculas,\u00a0y poder conectar con tu hijo generando un apego seguro. Tres lecciones de Desmadre y MadreDisidente convertidas en una experiencia que te [&hellip;]<\/p>\n","protected":false},"featured_media":316,"comment_status":"open","ping_status":"closed","template":"","meta":{"_acf_changed":false},"product_brand":[],"product_cat":[16],"product_tag":[],"class_list":{"0":"post-315","1":"product","2":"type-product","3":"status-publish","4":"has-post-thumbnail","6":"product_cat-cursos","8":"first","9":"outofstock","10":"featured","11":"virtual","12":"taxable","13":"purchasable","14":"product-type-simple"},"acf":[],"jetpack-related-posts":[],"jetpack_sharing_enabled":true,"_links":{"self":[{"href":"https:\/\/tienda.madredisidente.com\/index.php\/wp-json\/wp\/v2\/product\/315","targetHints":{"allow":["GET"]}}],"collection":[{"href":"https:\/\/tienda.madredisidente.com\/index.php\/wp-json\/wp\/v2\/product"}],"about":[{"href":"https:\/\/tienda.madredisidente.com\/index.php\/wp-json\/wp\/v2\/types\/product"}],"replies":[{"embeddable":true,"href":"https:\/\/tienda.madredisidente.com\/index.php\/wp-json\/wp\/v2\/comments?post=315"}],"wp:featuredmedia":[{"embeddable":true,"href":"https:\/\/tienda.madredisidente.com\/index.php\/wp-json\/wp\/v2\/media\/316"}],"wp:attachment":[{"href":"https:\/\/tienda.madredisidente.com\/index.php\/wp-json\/wp\/v2\/media?parent=315"}],"wp:term":[{"taxonomy":"product_brand","embeddable":true,"href":"https:\/\/tienda.madredisidente.com\/index.php\/wp-json\/wp\/v2\/product_brand?post=315"},{"taxonomy":"product_cat","embeddable":true,"href":"https:\/\/tienda.madredisidente.com\/index.php\/wp-json\/wp\/v2\/product_cat?post=315"},{"taxonomy":"product_tag","embeddable":true,"href":"https:\/\/tienda.madredisidente.com\/index.php\/wp-json\/wp\/v2\/product_tag?post=315"}],"curies":[{"name":"wp","href":"https:\/\/api.w.org\/{rel}","templated":true}]}}