{"id":337,"date":"2025-01-10T22:27:00","date_gmt":"2025-01-10T22:27:00","guid":{"rendered":"https:\/\/tienda.madredisidente.com\/?post_type=product&#038;p=337"},"modified":"2025-01-24T23:28:05","modified_gmt":"2025-01-24T23:28:05","slug":"deconstruyendo-emociones","status":"publish","type":"product","link":"https:\/\/tienda.madredisidente.com\/index.php\/producto\/deconstruyendo-emociones\/","title":{"rendered":"Deconstruyendo emociones"},"content":{"rendered":"<p>No tener una inteligencia emocional desarrollada llena de herramientas y consciencia de s\u00ed mismo, no solo har\u00e1 de tu hijo un tarugo maleable por cualquiera, si no que no le dar\u00e1 una estabilidad emocional. Esto tambi\u00e9n es para t\u00ed querida. Es el momento de hablar de tus emociones para ser soporte de los dem\u00e1s.<\/p>\n<p>\u00a1Hag\u00e1moslo! que las emociones nos cosan a leches.<\/p>\n","protected":false},"excerpt":{"rendered":"<p>No tener una inteligencia emocional desarrollada llena de herramientas y consciencia de s\u00ed mismo, no solo har\u00e1 de tu hijo un tarugo maleable por cualquiera, si no que no le dar\u00e1 una estabilidad emocional. Esto tambi\u00e9n es para t\u00ed querida. Es el momento de hablar de tus emociones para ser soporte de los dem\u00e1s. \u00a1Hag\u00e1moslo! [&hellip;]<\/p>\n","protected":false},"featured_media":338,"comment_status":"open","ping_status":"closed","template":"","meta":{"_acf_changed":false},"product_brand":[],"product_cat":[16],"product_tag":[56,54,55],"class_list":{"0":"post-337","1":"product","2":"type-product","3":"status-publish","4":"has-post-thumbnail","6":"product_cat-cursos","7":"product_tag-curso","8":"product_tag-emociones","9":"product_tag-inteligencia-emocional","11":"first","12":"outofstock","13":"taxable","14":"shipping-taxable","15":"purchasable","16":"product-type-simple"},"acf":[],"jetpack-related-posts":[],"jetpack_sharing_enabled":true,"_links":{"self":[{"href":"https:\/\/tienda.madredisidente.com\/index.php\/wp-json\/wp\/v2\/product\/337","targetHints":{"allow":["GET"]}}],"collection":[{"href":"https:\/\/tienda.madredisidente.com\/index.php\/wp-json\/wp\/v2\/product"}],"about":[{"href":"https:\/\/tienda.madredisidente.com\/index.php\/wp-json\/wp\/v2\/types\/product"}],"replies":[{"embeddable":true,"href":"https:\/\/tienda.madredisidente.com\/index.php\/wp-json\/wp\/v2\/comments?post=337"}],"wp:featuredmedia":[{"embeddable":true,"href":"https:\/\/tienda.madredisidente.com\/index.php\/wp-json\/wp\/v2\/media\/338"}],"wp:attachment":[{"href":"https:\/\/tienda.madredisidente.com\/index.php\/wp-json\/wp\/v2\/media?parent=337"}],"wp:term":[{"taxonomy":"product_brand","embeddable":true,"href":"https:\/\/tienda.madredisidente.com\/index.php\/wp-json\/wp\/v2\/product_brand?post=337"},{"taxonomy":"product_cat","embeddable":true,"href":"https:\/\/tienda.madredisidente.com\/index.php\/wp-json\/wp\/v2\/product_cat?post=337"},{"taxonomy":"product_tag","embeddable":true,"href":"https:\/\/tienda.madredisidente.com\/index.php\/wp-json\/wp\/v2\/product_tag?post=337"}],"curies":[{"name":"wp","href":"https:\/\/api.w.org\/{rel}","templated":true}]}}