{"id":341,"date":"2025-01-25T09:00:16","date_gmt":"2025-01-25T09:00:16","guid":{"rendered":"https:\/\/tienda.madredisidente.com\/?post_type=product&#038;p=341"},"modified":"2025-04-13T23:23:30","modified_gmt":"2025-04-13T23:23:30","slug":"antimasterclass-de-limites","status":"publish","type":"product","link":"https:\/\/tienda.madredisidente.com\/index.php\/producto\/antimasterclass-de-limites\/","title":{"rendered":"AntiMasterclass de Limites"},"content":{"rendered":"<p><strong><span class=\"OYPEnA font-feature-liga-off font-feature-clig-off font-feature-calt-off text-decoration-none text-strikethrough-none\">ATENCI\u00d3N<\/span><\/strong><span class=\"OYPEnA font-feature-liga-off font-feature-clig-off font-feature-calt-off text-decoration-none text-strikethrough-none\">: ESTO NO ES UNA MASTERCLASS CL\u00c1SICA, <strong>ES UN ACOMPA\u00d1AMIENTO PARA MUJERES<\/strong> QUE LES ENCANTA DECIR \u201cPREGUNTALE A TU PADRE\u201d PORQUE PADECEN EL S\u00cdNDROME DE LA NI\u00d1A BUENA.<\/span><\/p>\n<p>Establecer l\u00edmites, saber c\u00f3mo y contar con la \u00fanica herramienta que a\u00fan te falta para que te hagan caso, y respeten tus l\u00edmites, es cosa tuya, y est\u00e1 al alcance de un click.<\/p>\n","protected":false},"excerpt":{"rendered":"<p>ATENCI\u00d3N: ESTO NO ES UNA MASTERCLASS CL\u00c1SICA, ES UN ACOMPA\u00d1AMIENTO PARA MUJERES QUE LES ENCANTA DECIR \u201cPREGUNTALE A TU PADRE\u201d PORQUE PADECEN EL S\u00cdNDROME DE LA NI\u00d1A BUENA. Establecer l\u00edmites, saber c\u00f3mo y contar con la \u00fanica herramienta que a\u00fan te falta para que te hagan caso, y respeten tus l\u00edmites, es cosa tuya, y [&hellip;]<\/p>\n","protected":false},"featured_media":342,"comment_status":"open","ping_status":"closed","template":"","meta":{"_acf_changed":false},"product_brand":[],"product_cat":[16],"product_tag":[58,57,56,59],"class_list":{"0":"post-341","1":"product","2":"type-product","3":"status-publish","4":"has-post-thumbnail","6":"product_cat-cursos","7":"product_tag-acompanamiento","8":"product_tag-antimasterclass","9":"product_tag-curso","10":"product_tag-limites","12":"first","13":"outofstock","14":"featured","15":"virtual","16":"sold-individually","17":"taxable","18":"purchasable","19":"product-type-simple"},"acf":[],"jetpack-related-posts":[],"jetpack_sharing_enabled":true,"_links":{"self":[{"href":"https:\/\/tienda.madredisidente.com\/index.php\/wp-json\/wp\/v2\/product\/341","targetHints":{"allow":["GET"]}}],"collection":[{"href":"https:\/\/tienda.madredisidente.com\/index.php\/wp-json\/wp\/v2\/product"}],"about":[{"href":"https:\/\/tienda.madredisidente.com\/index.php\/wp-json\/wp\/v2\/types\/product"}],"replies":[{"embeddable":true,"href":"https:\/\/tienda.madredisidente.com\/index.php\/wp-json\/wp\/v2\/comments?post=341"}],"wp:featuredmedia":[{"embeddable":true,"href":"https:\/\/tienda.madredisidente.com\/index.php\/wp-json\/wp\/v2\/media\/342"}],"wp:attachment":[{"href":"https:\/\/tienda.madredisidente.com\/index.php\/wp-json\/wp\/v2\/media?parent=341"}],"wp:term":[{"taxonomy":"product_brand","embeddable":true,"href":"https:\/\/tienda.madredisidente.com\/index.php\/wp-json\/wp\/v2\/product_brand?post=341"},{"taxonomy":"product_cat","embeddable":true,"href":"https:\/\/tienda.madredisidente.com\/index.php\/wp-json\/wp\/v2\/product_cat?post=341"},{"taxonomy":"product_tag","embeddable":true,"href":"https:\/\/tienda.madredisidente.com\/index.php\/wp-json\/wp\/v2\/product_tag?post=341"}],"curies":[{"name":"wp","href":"https:\/\/api.w.org\/{rel}","templated":true}]}}