{"id":471,"date":"2026-01-26T11:08:15","date_gmt":"2026-01-26T11:08:15","guid":{"rendered":"https:\/\/tienda.madredisidente.com\/?post_type=product&#038;p=471"},"modified":"2026-01-26T11:21:01","modified_gmt":"2026-01-26T11:21:01","slug":"el-kit-de-rescate-intervencion","status":"publish","type":"product","link":"https:\/\/tienda.madredisidente.com\/index.php\/producto\/el-kit-de-rescate-intervencion\/","title":{"rendered":"El Kit de Rescate + Intervenci\u00f3n"},"content":{"rendered":"<h2><strong>Preguntas frecuentes.<\/strong><\/h2>\n<h3><b>\u00bfC\u00f3mo\u00a0son los libros?<\/b><\/h3>\n<p><strong>El habbit<\/strong> tiene 52 p\u00e1ginas a doble cara. Tama\u00f1o A5 (m\u00e1s peque\u00f1o que un folio, tipo diario, c\u00f3modo para llevarlo hasta en el bolso)<\/p>\n<p>Viene encuadernado con una suave portada. Es de estos libros, que a mi, me encanta pasar la mano por la portada. Da gustirrinin.<\/p>\n<p>Ideal para tener en la mesilla y sacarlo por las noches o en tu ratito de relax.<\/p>\n<p>&nbsp;<\/p>\n<p><strong>El diario de los ni\u00f1os<\/strong> viene preparado para ellos.<\/p>\n<p>Encuadernado en espiral, no cosido porque eso es peligro; protegido por una portada de pl\u00e1stico para que dure m\u00e1s. Pueden sacar las hojas, doblarlo etc.<\/p>\n<p>No es indestructible, pero est\u00e1 dise\u00f1ado para que aguante m\u00e1s y sea c\u00f3modo para ellos escribir o pintar.<\/p>\n<p>&nbsp;<\/p>\n<h3><strong>\u00bfQu\u00e9 pasa con la intervenci\u00f3n?<\/strong><\/h3>\n<p>Me pondr\u00e9 en contacto contigo para cerrar la fecha de la sesi\u00f3n interventiva, y explicarte c\u00f3mo funciona.<\/p>\n<h3><strong>\u00bfTienen instrucciones?<\/strong><\/h3>\n<p>Si, un v\u00eddeo en las que explico como usar el habitt; el de los peques las tiene dentro, y un extra.<\/p>\n<p>Lo recibes por correo electr\u00f3nico nada m\u00e1s comprar.<\/p>\n<h3><strong>\u00bfCambiar\u00e1 mi vida por completo y me transformar\u00e9 en lo que yo quiera ser cuando termine de usarlo?<\/strong><\/h3>\n<p>Por leer un libro y escribir la respuesta corta es NO.<\/p>\n<p>Los libros no hacen milagros por las noches mientras tu duermes.<\/p>\n<p>Son una herramienta de acompa\u00f1amiento magnifica pero la responsabilidad de transformar lo que tu quieras transformar es tuya y solamente tuya. Este puede ser un gran paso para empezar a conectar contigo, priorizarte a tu ritmo sin expectativas, centrarte en tus objetivos&#8230; y lo m\u00e1s importante, empezar a compartir tiempo de calidad con tu hij@ sin presiones, desde dentro, con las emociones&#8230;<\/p>\n<p>y de paso, le ayudas y ense\u00f1as el camino a regularse emocionalmente.<\/p>\n<h3><b>\u00bfC\u00f3mo es el env\u00edo y cu\u00e1nto tarda?<\/b><\/h3>\n<p>Certificado y con al empresa Correos. Por eso es importante que rellenes bien tu direcci\u00f3n postal.<\/p>\n<p>Suele estar en tu casa en un m\u00e1ximo de 7 d\u00edas.<\/p>\n<h3><strong>\u00bfHas creado el producto con IA (Inteligencia Artificial) o lo has hecho t\u00fa?<\/strong><\/h3>\n<p>Lo \u00fanico que se de IA es que eso lo hacen los burros<\/p>\n<p>IAAAA\u00a0 IAAAA<\/p>\n<p>El contenido es 100% m\u00edo con las herramienta de desarrollo personal hechas por personas de m\u00e1s alto nivel que puedas encontrar.<\/p>\n<p>Yo misma aplico, como no pod\u00eda de de otra manera muchas de las cosas que hay dentro de los libros.<\/p>\n<h3><strong>\u00bfSe pueden devolver?<\/strong><\/h3>\n<p>No. Si no estas segura no deber\u00edas comprarlo.<\/p>\n<h3><strong>\u00bfC\u00f3mo se puede pagar?<\/strong><\/h3>\n<p>Con dinero y espec\u00edficamente con Stripe, Paypal (tarjetas de cr\u00e9dito)<\/p>\n<p>&nbsp;<\/p>\n<h6>Puedes leer las condiciones de venta detalladas:<\/h6>\n<p><strong><a href=\"https:\/\/madredisidente.com\/condiciones-de-venta\/\">Aqu\u00ed<\/a><\/strong><\/p>\n","protected":false},"excerpt":{"rendered":"<p><i data-path-to-node=\"36,1,1,0\" data-index-in-node=\"0\">Solo 1 disponible.<\/i> Te llevas el Kit completo (Diario + Habbit) y una <b data-path-to-node=\"36,1,1,0\" data-index-in-node=\"69\">Sesi\u00f3n de Intervenci\u00f3n Estrat\u00e9gica de 90 minutos<\/b>para desbloquear tu situaci\u00f3n actual de ra\u00edz. T\u00fa compras, yo te escribo para agendar y te env\u00edo el material a casa.<\/p>\n<p>Sin esperas.<\/p>\n<p>C\u00f3mo podr\u00eda decirte&#8230;<\/p>\n<p>He creado este pack \u00fanico por una raz\u00f3n. Bueno, si lo pienso bien, son tres.<\/p>\n<ul>\n<li><strong>La primera:<\/strong><br \/>\nCreo que se dedica poco tiempo a conectar de verdad. De hecho, creo que hablamos poco de nuestro d\u00eda a d\u00eda con nuestros hijos y familia.<br \/>\nLuego llegan los anuncios de Navidad, donde te preguntan cu\u00e1l es el color favorito de tu hijo o qu\u00e9 le gusta y&#8230; llegan los disgustos y los &#8220;Joder, si realmente no lo conozco&#8221;. De ah\u00ed, cuando hace algo que no te cuadra, sale la frase: &#8220;Si mi hijo no es as\u00ed&#8221;.<br \/>\nPues va a ser que s\u00ed y no te has enterado.<br \/>\nPor eso, el Diario Tengo un Monstruo (incluido en este pack, para edades de 3 a 12 a\u00f1os) va justo ah\u00ed, a generar un espacio de conexi\u00f3n emocional.<\/p>\n<p>En cada p\u00e1gina vas a encontrar una propuesta para sacar las cosas buenas del d\u00eda a d\u00eda que nos pasan desapercibidas, un h\u00e1bito altamente efectivo para empezar a reconocer sus emociones y c\u00f3mo afectan los est\u00edmulos externos&#8230; y a ti, te va a dar pistas de las cosas que son importantes para tu peque, o lo que cree, por ejemplo, sobre la amistad, las relaciones, el cole&#8230; la vida.<br \/>\nEs el paso previo para aprender a transitar las emociones, o elegir respuestas m\u00e1s acordes que las t\u00edpicas de gritar o atizar al primero que pasa por delante.<\/li>\n<li><strong>La segunda:<\/strong><br \/>\nEl Habbit (recomendado desde los 12 a los 99 a\u00f1os).<br \/>\nComo madres estamos volcadas en el hacer, hacer y hacer. Y principalmente para todo el mundo, y m\u00e1s en concreto para nuestros hijos.<\/p>\n<p>\u00bfY nosotras para cu\u00e1ndo? No me refiero solo a ir a la pelu. Voy m\u00e1s all\u00e1. Voy a dedicarte tiempo de calidad, de reconexi\u00f3n contigo, con esa identidad como mujer que has ido perdiendo desde que eres madre.<\/p>\n<p>Spoiler: Eres m\u00e1s que madre. No atender tus necesidades como mujer suele terminar regular.<br \/>\nPor eso, el Habbit tiene dentro una herramienta para marcarte metas y priorizarte. Metas que puedes cumplir, no como las del 1 de Enero. Si lo haces mejor, pero si o si aprender\u00e1s muchas cosas de ti. Cr\u00e9eme que esta es la clave del \u00e9xito (sea cual sea tu concepto de \u00e9xito, el m\u00edo es ser feliz sin morir en el intento).<\/li>\n<li><strong>Y la tercera, y m\u00e1s importante: La Intervenci\u00f3n Estrat\u00e9gica.<\/strong><br \/>\nLos libros son herramientas maravillosas para el d\u00eda a d\u00eda, pero a veces la &#8220;movida&#8221; que tienes encima es demasiado grande, demasiado urgente o te tiene demasiado bloqueada como para ponerte a leer y rellenar plantillas t\u00fa sola.<br \/>\nA veces necesitas que alguien entre, vea d\u00f3nde est\u00e1 el nudo y tire del hilo.<br \/>\nPor eso, este pack incluye una Sesi\u00f3n de Intervenci\u00f3n Estrat\u00e9gica 1 a 1 conmigo (90 minutos).<br \/>\nOjo, esto no es una charla de amigas para desahogarnos (que tambi\u00e9n), ni una terapia de meses. Es una intervenci\u00f3n quir\u00fargica.<\/li>\n<\/ul>\n<p>Vamos a ir directo a la ra\u00edz de ese problema espec\u00edfico que te est\u00e1 quitando el sue\u00f1o ahora mismo.<\/p>\n<p>Vamos a desbloquear la situaci\u00f3n en una sola videollamada.<\/p>\n<p>Te vas a llevar claridad absoluta sobre qu\u00e9 hacer despu\u00e9s.<\/p>\n<p>\u00bfC\u00f3mo funciona?<\/p>\n<p>Compras este pack (solo hay uno, as\u00ed que si te deja comprarlo, es tuyo).<\/p>\n<p>En cuanto me llegue el aviso, te escribo personalmente\u00a0 para que charlemos un poco sobre qu\u00e9 te preocupa y cuadremos la agenda lo antes posible.<\/p>\n<p>Mientras hacemos la sesi\u00f3n y ponemos orden en el caos, el Kit f\u00edsico (los dos libros) viaja hacia tu casa.<\/p>\n<p>Te llega en un tiempo m\u00e1ximo de 7 d\u00edas (depende de lo colapsado que est\u00e9 Correos) con env\u00edo certificado. Por eso es importante que metas bien tus datos.<\/p>\n<p>Del precio no hablo porque llevarte mi tiempo, la estrategia y las herramientas f\u00edsicas por esto&#8230; no es gratis, pero es un regalo.<\/p>\n","protected":false},"featured_media":101,"comment_status":"closed","ping_status":"closed","template":"","meta":{"_acf_changed":false},"product_brand":[],"product_cat":[21],"product_tag":[22],"class_list":{"0":"post-471","1":"product","2":"type-product","3":"status-publish","4":"has-post-thumbnail","6":"product_cat-herramientas","7":"product_tag-libros","9":"first","10":"instock","11":"featured","12":"downloadable","13":"taxable","14":"shipping-taxable","15":"purchasable","16":"product-type-simple"},"acf":[],"jetpack-related-posts":[],"jetpack_sharing_enabled":true,"_links":{"self":[{"href":"https:\/\/tienda.madredisidente.com\/index.php\/wp-json\/wp\/v2\/product\/471","targetHints":{"allow":["GET"]}}],"collection":[{"href":"https:\/\/tienda.madredisidente.com\/index.php\/wp-json\/wp\/v2\/product"}],"about":[{"href":"https:\/\/tienda.madredisidente.com\/index.php\/wp-json\/wp\/v2\/types\/product"}],"replies":[{"embeddable":true,"href":"https:\/\/tienda.madredisidente.com\/index.php\/wp-json\/wp\/v2\/comments?post=471"}],"wp:featuredmedia":[{"embeddable":true,"href":"https:\/\/tienda.madredisidente.com\/index.php\/wp-json\/wp\/v2\/media\/101"}],"wp:attachment":[{"href":"https:\/\/tienda.madredisidente.com\/index.php\/wp-json\/wp\/v2\/media?parent=471"}],"wp:term":[{"taxonomy":"product_brand","embeddable":true,"href":"https:\/\/tienda.madredisidente.com\/index.php\/wp-json\/wp\/v2\/product_brand?post=471"},{"taxonomy":"product_cat","embeddable":true,"href":"https:\/\/tienda.madredisidente.com\/index.php\/wp-json\/wp\/v2\/product_cat?post=471"},{"taxonomy":"product_tag","embeddable":true,"href":"https:\/\/tienda.madredisidente.com\/index.php\/wp-json\/wp\/v2\/product_tag?post=471"}],"curies":[{"name":"wp","href":"https:\/\/api.w.org\/{rel}","templated":true}]}}