{"id":93,"date":"2024-01-31T12:41:14","date_gmt":"2024-01-31T12:41:14","guid":{"rendered":"https:\/\/tienda.madredisidente.com\/?post_type=product&#038;p=93"},"modified":"2025-08-04T00:35:28","modified_gmt":"2025-08-04T00:35:28","slug":"kit-conexion","status":"publish","type":"product","link":"https:\/\/tienda.madredisidente.com\/index.php\/producto\/kit-conexion\/","title":{"rendered":"Kit Conexi\u00f3n"},"content":{"rendered":"<h2><strong>Preguntas frecuentes.<\/strong><\/h2>\n<h3><b>\u00bfC\u00f3mo\u00a0son los libros?<\/b><\/h3>\n<p><strong>El habbit<\/strong> tiene 52 p\u00e1ginas a doble cara. Tama\u00f1o A5 (m\u00e1s peque\u00f1o que un folio, tipo diario, c\u00f3modo para llevarlo hasta en el bolso)<\/p>\n<p>Viene encuadernado con una suave portada. Es de estos libros, que a mi, me encanta pasar la mano por la portada. Da gustirrinin.<\/p>\n<p>Ideal para tener en la mesilla y sacarlo por las noches o en tu ratito de relax.<\/p>\n<p>&nbsp;<\/p>\n<p><strong>El diario de los ni\u00f1os<\/strong> viene preparado para ellos.<\/p>\n<p>Encuadernado en espiral, no cosido porque eso es peligro; protegido por una portada de pl\u00e1stico para que dure m\u00e1s. Pueden sacar las hojas, doblarlo etc.<\/p>\n<p>No es indestructible, pero est\u00e1 dise\u00f1ado para que aguante m\u00e1s y sea c\u00f3modo para ellos escribir o pintar.<\/p>\n<h3><strong>Soy miembro de Desmadre o membres\u00eda MadreDisidente\u00a0<\/strong><\/h3>\n<p>Antes de pagar, inicia sesi\u00f3n con tu cuenta.<\/p>\n<p>Una vez lo a\u00f1adas a tu cesta, (si has entrado en tu perfil) se aplicar\u00e1n autom\u00e1ticamente tus beneficios por pertenecer a esta comunidad Disidente. \u00a1Yuhuuuuuu!<\/p>\n<h3><strong>\u00bfTienen instrucciones?<\/strong><\/h3>\n<p>Si, un v\u00eddeo en las que explico como usar el habitt; el de los peques las tiene dentro, y un extra.<\/p>\n<p>Lo recibes por correo electr\u00f3nico nada m\u00e1s comprar.<\/p>\n<h3><strong>\u00bfCambiar\u00e1 mi vida por completo y me transformar\u00e9 en lo que yo quiera ser cuando termine de usarlo?<\/strong><\/h3>\n<p>Por leer un libro y escribir la respuesta corta es NO.<\/p>\n<p>Los libros no hacen milagros por las noches mientras tu duermes.<\/p>\n<p>Son una herramienta de acompa\u00f1amiento magnifica pero la responsabilidad de transformar lo que tu quieras transformar es tuya y solamente tuya. Este puede ser un gran paso para empezar a conectar contigo, priorizarte a tu ritmo sin expectativas, centrarte en tus objetivos&#8230; y lo m\u00e1s importante, empezar a compartir tiempo de calidad con tu hij@ sin presiones, desde dentro, con las emociones&#8230;<\/p>\n<p>y de paso, le ayudas y ense\u00f1as el camino a regularse emocionalmente.<\/p>\n<h3><b>\u00bfC\u00f3mo es el env\u00edo y cu\u00e1nto tarda?<\/b><\/h3>\n<p>Certificado y con al empresa Correos. Por eso es importante que rellenes bien tu direcci\u00f3n postal.<\/p>\n<p>Suele estar en tu casa en un m\u00e1ximo de 7 d\u00edas.<\/p>\n<h3><strong>\u00bfHas creado el producto con IA (Inteligencia Artificial) o lo has hecho t\u00fa?<\/strong><\/h3>\n<p>Lo \u00fanico que se de IA es que eso lo hacen los burros<\/p>\n<p>IAAAA\u00a0 IAAAA<\/p>\n<p>El contenido es 100% m\u00edo con las herramienta de desarrollo personal hechas por personas de m\u00e1s alto nivel que puedas encontrar.<\/p>\n<p>Yo misma aplico, como no pod\u00eda de de otra manera muchas de las cosas que hay dentro de los libros.<\/p>\n<h3><strong>\u00bfSe pueden devolver?<\/strong><\/h3>\n<p>No. Si no estas segura no deber\u00edas comprarlo.<\/p>\n<h3><strong>\u00bfC\u00f3mo se puede pagar?<\/strong><\/h3>\n<p>Con dinero y espec\u00edficamente con Stripe, Paypal (tarjetas de cr\u00e9dito)<\/p>\n<p>&nbsp;<\/p>\n<h6>Puedes leer las condiciones de venta detalladas:<\/h6>\n<p><strong><a href=\"https:\/\/madredisidente.com\/condiciones-de-venta\/\">Aqu\u00ed<\/a><\/strong><\/p>\n","protected":false},"excerpt":{"rendered":"<p>C\u00f3mo podr\u00eda decirte&#8230;<\/p>\n<p>He creado estos dos libros por una raz\u00f3n.<\/p>\n<p>Bueno, si lo pienso bien, <strong>son dos<\/strong>.<\/p>\n<p><strong>La primera:<\/strong><\/p>\n<p>Creo que se dedica poco tiempo a conectar de verdad. De hecho, creo que hablamos poco de nuestro d\u00eda a d\u00eda con nuestros hijos y familia.<\/p>\n<p>Luego llegan los anuncios de navidad, donde te preguntan cual es color favorito de tu hijo o que le gusta y&#8230;<\/p>\n<p>Llegan los disgusto y los &#8220;Joder, si realmente no lo conozco&#8221; y de ah\u00ed cuando hace algo que no te cuadra sale la frase &#8220;Si mi hijo no es as\u00ed&#8221;.<\/p>\n<p>Pues va a ser que s\u00ed y no te has enterado.<\/p>\n<p>Por eso el Diario tengo un monstruo (Recomendado para edades de 3 a 12 a\u00f1os)\u00a0 va justo ah\u00ed, a generar un espacio de conexi\u00f3n emocional.<\/p>\n<p>En cada p\u00e1gina vas a encontrar una propuesta para sacar las cosas buenas del d\u00eda d\u00eda que nos pasan desapercibidas, y <strong>un h\u00e1bito altamente efectivo para empezar a reconocer sus emociones<\/strong>, <strong>y c\u00f3mo afectan los est\u00edmulos externos&#8230;<\/strong> y a ti, te va a dar pistas de las cosas que son importante para tu peque, o lo que cree por ejemplo, sobre la amistad, las relaciones, el cole&#8230; la vida.<\/p>\n<p>&nbsp;<\/p>\n<p><strong>Este es el paso previo para aprender a transitar las emociones, o elegir respuestas m\u00e1s acordes a las t\u00edpicas de la edad, de gritar o atizar al primero q pasa por delante de \u00e9l&#8230;<\/strong><\/p>\n<p>Ense\u00f1ar\u00e1s a tu hijo a ver que, efectivamente hay cosas que le gustan mas que otras,\u00a0 podr\u00e1 tambi\u00e9n descubrir que cosas le gustan menos.. (super importante, para ir desarrollando un buena gesti\u00f3n de la frustraci\u00f3n)<\/p>\n<p>Y todo ello durante un ratito m\u00e1gico, escribiendo, dibujando&#8230;.<\/p>\n<p>de esos irrepetibles con mucha risas y que tu hijo recordar\u00e1 cuando sea mayor.<\/p>\n<p><strong>La segunda:<\/strong><\/p>\n<p>El Habbit (recomendado desde los 12 a los 99 a\u00f1os)<\/p>\n<p>Como madres estamos volcadas en el hacer, hacer\u00a0 y hacer.\u00a0 Y principalmente para todo el mundo, y m\u00e1s en concreto para nuestros hijos.<\/p>\n<p>\u00bfY nosotras para cuando? No me estoy refiriendo a sacar tiempo para ir a la pelu (que tambi\u00e9n)<\/p>\n<p>Voy mas all\u00e1.<\/p>\n<p>Voy a dedicarte tiempo de calidad, de reconexi\u00f3n contigo, con esa identidad como mujer que has ido perdiendo desde que eres madre.<\/p>\n<p><strong>Spoiler<\/strong>: Eres mas que madre.\u00a0 No atender tus necesidades como mujer, suele terminar regular.\u00a0 Y si, me estoy refiriendo a todo tipo de necesidades.<\/p>\n<p>Por eso, el Habbit tiene dentro una herramienta para marcarte metas y priorizarte. Metas que puedes cumplir, no como las del 1 de Enero.<\/p>\n<p>Porque la forma en la que vas a dise\u00f1arlas es completamente diferente. Y ojo. Lo importante, no es cumplir con esa meta.<\/p>\n<p>Si lo haces mejor, pero si o si aprender\u00e1s muchas cosas de ti, y empezar\u00e1s a priorizar y organizar.<\/p>\n<p>Creem\u00e9 que esta es la clave del \u00e9xito en la vida, sea cual sea el concepto que tengas en tu mente de \u00e9xito.<\/p>\n<p>(el mio es ser feliz sin morir en el intento)<\/p>\n<p>Cumplir o no tus objetivos, y prestar atenci\u00f3n a tus emociones ye estados, te lleva a conocerte m\u00e1s y valorarte, que es lo que necesitamos para no mendigar amor externo.<\/p>\n<p>Porque si tu est\u00e1s bien, puedes acompa\u00f1ar a tu hijos de una manera mucho m\u00e1s sana y trasmitirle todo lo que has aprendido.<\/p>\n<p>Como por ejemplo, a no dejarte la \u00faltima siempre. Eso es una gran lecci\u00f3n.<\/p>\n<p>Del precio no hablo porque no es gratis, pero es un regalo.<\/p>\n<p>Te llega a casa desde que lo pides en un tiempo m\u00e1ximo de 7 d\u00edas. (Depende de lo colapsado que est\u00e9 correos)<\/p>\n<p>Viene con envio certificado. Por eso es importante que metas bien tus datos.<\/p>\n","protected":false},"featured_media":101,"comment_status":"closed","ping_status":"closed","template":"","meta":{"_acf_changed":false},"product_brand":[],"product_cat":[21],"product_tag":[22],"class_list":{"0":"post-93","1":"product","2":"type-product","3":"status-publish","4":"has-post-thumbnail","6":"product_cat-herramientas","7":"product_tag-libros","9":"first","10":"outofstock","11":"featured","12":"downloadable","13":"taxable","14":"shipping-taxable","15":"purchasable","16":"product-type-simple"},"acf":[],"jetpack-related-posts":[],"jetpack_sharing_enabled":true,"_links":{"self":[{"href":"https:\/\/tienda.madredisidente.com\/index.php\/wp-json\/wp\/v2\/product\/93","targetHints":{"allow":["GET"]}}],"collection":[{"href":"https:\/\/tienda.madredisidente.com\/index.php\/wp-json\/wp\/v2\/product"}],"about":[{"href":"https:\/\/tienda.madredisidente.com\/index.php\/wp-json\/wp\/v2\/types\/product"}],"replies":[{"embeddable":true,"href":"https:\/\/tienda.madredisidente.com\/index.php\/wp-json\/wp\/v2\/comments?post=93"}],"wp:featuredmedia":[{"embeddable":true,"href":"https:\/\/tienda.madredisidente.com\/index.php\/wp-json\/wp\/v2\/media\/101"}],"wp:attachment":[{"href":"https:\/\/tienda.madredisidente.com\/index.php\/wp-json\/wp\/v2\/media?parent=93"}],"wp:term":[{"taxonomy":"product_brand","embeddable":true,"href":"https:\/\/tienda.madredisidente.com\/index.php\/wp-json\/wp\/v2\/product_brand?post=93"},{"taxonomy":"product_cat","embeddable":true,"href":"https:\/\/tienda.madredisidente.com\/index.php\/wp-json\/wp\/v2\/product_cat?post=93"},{"taxonomy":"product_tag","embeddable":true,"href":"https:\/\/tienda.madredisidente.com\/index.php\/wp-json\/wp\/v2\/product_tag?post=93"}],"curies":[{"name":"wp","href":"https:\/\/api.w.org\/{rel}","templated":true}]}}